{"id":5275,"date":"2014-05-24T13:51:08","date_gmt":"2014-05-24T13:51:08","guid":{"rendered":"http:\/\/wpresidence.net\/?page_id=9"},"modified":"2020-01-09T11:49:57","modified_gmt":"2020-01-09T11:49:57","slug":"terms-of-user","status":"publish","type":"page","link":"https:\/\/www.immobiliarerigano.it\/new\/terms-of-user\/","title":{"rendered":"GPDR"},"content":{"rendered":"<p>Il Regolamento generale sulla protezione dei dati (GDPR, General Data Protection Regulation) \u00e8 una normativa comunitaria che controlla in che modo le societ\u00e0 e altre organizzazioni gestiscono i dati personali. Si tratta dell&#8217;iniziativa pi\u00f9 significativa in materia di protezione dei dati degli ultimi 20 anni, con notevoli implicazioni per qualsiasi organizzazione nel mondo che si rivolge a soggetti dell&#8217;Unione europea.<\/p>\n<p>Per fornire ai soggetti il controllo di come vengono utilizzati i dati e per &#8220;tutelare i diritti e le libert\u00e0 fondamentali delle persone fisiche&#8221;, la legislazione stabilisce requisiti rigorosi per quanto riguarda le procedure di gestione dei dati, la trasparenza, la documentazione e il consenso dell&#8217;utente.<\/p>\n<p><em>Ogni organizzazione deve custodire un registro e monitorare le attivit\u00e0 di elaborazione dei dati personali<\/em><\/p>\n<p>In qualit\u00e0 di titolare del trattamento dei dati, ogni organizzazione deve custodire un registro e monitorare le attivit\u00e0 di elaborazione dei dati personali. In questa categoria rientrano i dati personali gestiti all&#8217;interno dell&#8217;organizzazione, ma anche da terze parti, ovvero i cosiddetti responsabili del trattamento.<\/p>\n<p>I responsabili del trattamento dei dati possono includere fornitori di servizi a livello di software (SaaS) fino a servizi di terzi integrati di tracciamento e profilatura dei visitatori sul sito dell&#8217;organizzazione. Sia i titolari che i responsabili del trattamento dei dati devono essere in grado di dimostrare quali dati vengono elaborati, lo scopo dell&#8217;elaborazione e a quali paesi e terze parti i dati vengono trasmessi. I dati possono essere trasferiti solamente ad altre organizzazioni conformi alla normativa GDPR, o all&#8217;interno di giurisdizioni ritenute adeguate&#8221;.<\/p>\n<p><em>Tutti i consensi devono essere registrati come prova che il consenso \u00e8 stato prestato<\/em><\/p>\n<p>L&#8217;elaborazione dei dati personali non \u00e8 consentita senza un consenso preventivo. Questo significa che il consenso deve essere prestato prima che avvenga qualsivoglia elaborazione, sulla base di informazioni chiare e specifiche in merito al tipo di dati e agli scopi per i quali sono stati raccolti. Per i dati personali sensibili, il consenso deve essere esplicito, il che sottolinea l&#8217;importanza del consenso durante l&#8217;elaborazione di dati personali sensibili.<\/p>\n<p>Le persone fisiche hanno ora il &#8220;diritto alla portabilit\u00e0 dei dati&#8221; e il &#8220;diritto di accedere ai dati&#8221;, oltre al &#8220;diritto all&#8217;oblio&#8221;, e possono revocare il proprio consenso in qualsiasi momento. In tal caso, il titolare del trattamento deve eliminare i dati personali della persona fisica se non sono pi\u00f9 necessari allo scopo per il quale sono stati raccolti.<\/p>\n<p>In caso di una violazione dei dati, la societ\u00e0 deve essere in grado di notificare le autorit\u00e0 di protezione dei dati e le persone fisiche interessate entro 72 ore.<\/p>\n<p>Inoltre, il GDPR impone l&#8217;obbligo alle autorit\u00e0 pubbliche o alle aziende che elaborano dati personali sensibili su larga scala di impiegare o formare un responsabile della protezione dei dati. Il responsabile della protezione dei dati deve adottare misure finalizzate ad assicurare la conformit\u00e0 con il GDPR da parte dell&#8217;organizzazione.<\/p>\n<p>In relazione alla Brexit, il governo britannico prevede di implementare una normativa equivalente che seguir\u00e0, a grandi linee, il GDPR.<\/p>\n","protected":false},"excerpt":{"rendered":"<p>Il Regolamento generale sulla protezione dei dati (GDPR, General Data Protection Regulation) \u00e8 una normativa comunitaria che controlla in che modo le societ\u00e0 e altre organizzazioni gestiscono i dati personali. Si tratta dell&#8217;iniziativa pi\u00f9 significativa in materia di protezione dei dati degli ultimi 20 anni, con notevoli implicazioni per qualsiasi organizzazione nel mondo che si rivolge a soggetti dell&#8217;Unione europea. Per fornire ai soggetti &#8230;<\/p>\n","protected":false},"author":1,"featured_media":0,"parent":0,"menu_order":0,"comment_status":"closed","ping_status":"closed","template":"terms_conditions.php","meta":{"footnotes":""},"class_list":["post-5275","page","type-page","status-publish","hentry"],"_links":{"self":[{"href":"https:\/\/www.immobiliarerigano.it\/new\/wp-json\/wp\/v2\/pages\/5275","targetHints":{"allow":["GET"]}}],"collection":[{"href":"https:\/\/www.immobiliarerigano.it\/new\/wp-json\/wp\/v2\/pages"}],"about":[{"href":"https:\/\/www.immobiliarerigano.it\/new\/wp-json\/wp\/v2\/types\/page"}],"author":[{"embeddable":true,"href":"https:\/\/www.immobiliarerigano.it\/new\/wp-json\/wp\/v2\/users\/1"}],"replies":[{"embeddable":true,"href":"https:\/\/www.immobiliarerigano.it\/new\/wp-json\/wp\/v2\/comments?post=5275"}],"version-history":[{"count":3,"href":"https:\/\/www.immobiliarerigano.it\/new\/wp-json\/wp\/v2\/pages\/5275\/revisions"}],"predecessor-version":[{"id":18605,"href":"https:\/\/www.immobiliarerigano.it\/new\/wp-json\/wp\/v2\/pages\/5275\/revisions\/18605"}],"wp:attachment":[{"href":"https:\/\/www.immobiliarerigano.it\/new\/wp-json\/wp\/v2\/media?parent=5275"}],"curies":[{"name":"wp","href":"https:\/\/api.w.org\/{rel}","templated":true}]}}